{"id":187,"date":"2025-08-17T19:46:38","date_gmt":"2025-08-17T17:46:38","guid":{"rendered":"https:\/\/annavazquezskincare.com\/academia\/?page_id=187"},"modified":"2025-11-02T13:20:39","modified_gmt":"2025-11-02T12:20:39","slug":"dossier-informativo","status":"publish","type":"page","link":"https:\/\/annavazquezskincare.com\/academia\/dossier-informativo\/","title":{"rendered":"Dossier Informativo"},"content":{"rendered":"\t\t<div data-elementor-type=\"wp-page\" data-elementor-id=\"187\" class=\"elementor elementor-187\">\n\t\t\t\t<div class=\"elementor-element elementor-element-45717e6 e-flex e-con-boxed wpr-particle-no wpr-jarallax-no wpr-parallax-no wpr-sticky-section-no wpr-equal-height-no e-con e-parent\" data-id=\"45717e6\" data-element_type=\"container\" data-e-type=\"container\" data-settings=\"{&quot;background_background&quot;:&quot;classic&quot;}\">\n\t\t\t\t\t<div class=\"e-con-inner\">\n\t\t\t\t<div class=\"elementor-element elementor-element-bbf7e05 elementor-widget elementor-widget-heading\" data-id=\"bbf7e05\" data-element_type=\"widget\" data-e-type=\"widget\" data-widget_type=\"heading.default\">\n\t\t\t\t\t<h1 class=\"elementor-heading-title elementor-size-default\">Dossier de iniciaci\u00f3n al skincare<\/h1>\t\t\t\t<\/div>\n\t\t\t\t<div class=\"elementor-element elementor-element-7032221 elementor-widget elementor-widget-heading\" data-id=\"7032221\" data-element_type=\"widget\" data-e-type=\"widget\" data-widget_type=\"heading.default\">\n\t\t\t\t\t<h2 class=\"elementor-heading-title elementor-size-default\">\u00bfQuieres llevar tu conocimiento en est\u00e9tica al siguiente nivel? \n\n<\/h2>\t\t\t\t<\/div>\n\t\t\t\t\t<\/div>\n\t\t\t\t<\/div>\n\t\t<div class=\"elementor-element elementor-element-b3aa825 e-flex e-con-boxed wpr-particle-no wpr-jarallax-no wpr-parallax-no wpr-sticky-section-no wpr-equal-height-no e-con e-parent\" data-id=\"b3aa825\" data-element_type=\"container\" data-e-type=\"container\">\n\t\t\t\t\t<div class=\"e-con-inner\">\n\t\t\t\t<div class=\"elementor-element elementor-element-15a3d6b elementor-widget elementor-widget-text-editor\" data-id=\"15a3d6b\" data-element_type=\"widget\" data-e-type=\"widget\" data-widget_type=\"text-editor.default\">\n\t\t\t\t\t\t\t\t\t<p><span class=\"text-o-color-5\">Descarga\u00a0<strong>GRATIS<\/strong>\u00a0el dossier informativo del curso\u00a0<strong>Iniciaci\u00f3n al Skincare<\/strong>\u00a0y descubre c\u00f3mo transformar tus consultas en experiencias \u00fanicas para tus clientas.<\/span><\/p><p><span class=\"text-o-color-5\"><strong>Lo que puedes esperar en el dossier:<\/strong><\/span><\/p><p><span class=\"text-o-color-5\">\u2728\u00a0<strong>Lo que aprender\u00e1s:<\/strong><\/span>\u00a0<span class=\"text-o-color-5\">T\u00e9cnicas avanzadas para identificar y tratar diferentes tipos de piel, herramientas pr\u00e1cticas que te diferenciar\u00e1n como profesional, y los secretos para hacer diagn\u00f3sticos precisos y efectivos.<\/span><\/p><p><span class=\"text-o-color-5\">\ud83d\udcc8\u00a0<strong>C\u00f3mo el curso puede ayudarte:<\/strong>\u00a0Obt\u00e9n resultados visibles en tus clientas, aumenta tu retenci\u00f3n y fidelizaci\u00f3n, y lleva tu negocio al siguiente nivel con estrategias comprobadas y f\u00e1ciles de aplicar.<\/span><\/p><p><span class=\"text-o-color-5\">\ud83d\udcac\u00a0<strong>Testimonios reales:<\/strong>\u00a0Conoce c\u00f3mo otros profesionales han transformado su forma de trabajar y han visto crecer su clientela gracias a\u00a0nuestro curso.\u00a0<\/span><\/p><p><span class=\"text-o-color-5\">\ud83d\udcc5\u00a0<strong>Informaci\u00f3n sobre el curso:<\/strong>\u00a0Modalidad, duraci\u00f3n, precios y opciones de pago flexibles para que puedas inscribirte sin complicaciones.<\/span><\/p><p><span class=\"text-o-color-5\">No dejes pasar esta oportunidad de potenciar tu carrera.\u00a0<strong>Descarga el dossier informativo ahora\u00a0<\/strong>y da el primer paso para convertirte en una experta en diagn\u00f3stico est\u00e9tico<\/span><\/p>\t\t\t\t\t\t\t\t<\/div>\n\t\t\t\t\t<\/div>\n\t\t\t\t<\/div>\n\t\t<div class=\"elementor-element elementor-element-6c9eb01 e-flex e-con-boxed wpr-particle-no wpr-jarallax-no wpr-parallax-no wpr-sticky-section-no wpr-equal-height-no e-con e-parent\" data-id=\"6c9eb01\" data-element_type=\"container\" data-e-type=\"container\" data-settings=\"{&quot;background_background&quot;:&quot;classic&quot;}\">\n\t\t\t\t\t<div class=\"e-con-inner\">\n\t\t\t\t<div class=\"elementor-element elementor-element-5392e0f elementor-widget elementor-widget-shortcode\" data-id=\"5392e0f\" data-element_type=\"widget\" data-e-type=\"widget\" data-widget_type=\"shortcode.default\">\n\t\t\t\t\t\t\t<div class=\"elementor-shortcode\"><div class=\"sender-form-field\" data-sender-form-id=\"aOYo0Y\"><\/div><\/div>\n\t\t\t\t\t\t<\/div>\n\t\t\t\t\t<\/div>\n\t\t\t\t<\/div>\n\t\t\t\t<\/div>\n\t\t","protected":false},"excerpt":{"rendered":"<p>Dossier de iniciaci\u00f3n al skincare \u00bfQuieres llevar tu conocimiento en est\u00e9tica al siguiente nivel? Descarga\u00a0GRATIS\u00a0el dossier informativo del curso\u00a0Iniciaci\u00f3n al Skincare\u00a0y descubre c\u00f3mo transformar tus consultas en experiencias \u00fanicas para tus clientas. Lo que puedes esperar en el dossier: \u2728\u00a0Lo que aprender\u00e1s:\u00a0T\u00e9cnicas avanzadas para identificar y tratar diferentes tipos de piel, herramientas pr\u00e1cticas que te diferenciar\u00e1n como profesional, y los secretos para hacer diagn\u00f3sticos precisos y efectivos. \ud83d\udcc8\u00a0C\u00f3mo el curso puede ayudarte:\u00a0Obt\u00e9n resultados visibles en tus clientas, aumenta tu retenci\u00f3n y fidelizaci\u00f3n, y lleva tu negocio al siguiente nivel con estrategias comprobadas y f\u00e1ciles de aplicar. \ud83d\udcac\u00a0Testimonios reales:\u00a0Conoce c\u00f3mo otros profesionales han transformado su forma de trabajar y han visto crecer su clientela gracias a\u00a0nuestro curso.\u00a0 \ud83d\udcc5\u00a0Informaci\u00f3n sobre el curso:\u00a0Modalidad, duraci\u00f3n, precios y opciones de pago flexibles para que puedas inscribirte sin complicaciones. No dejes pasar esta oportunidad de potenciar tu carrera.\u00a0Descarga el dossier informativo ahora\u00a0y da el primer paso para convertirte en una experta en diagn\u00f3stico est\u00e9tico<\/p>\n","protected":false},"author":1,"featured_media":0,"parent":0,"menu_order":0,"comment_status":"closed","ping_status":"closed","template":"elementor_header_footer","meta":{"neve_meta_sidebar":"","neve_meta_container":"","neve_meta_enable_content_width":"","neve_meta_content_width":0,"neve_meta_title_alignment":"","neve_meta_author_avatar":"","neve_post_elements_order":"","neve_meta_disable_header":"","neve_meta_disable_footer":"","neve_meta_disable_title":"","footnotes":""},"class_list":["post-187","page","type-page","status-publish","hentry"],"_links":{"self":[{"href":"https:\/\/annavazquezskincare.com\/academia\/wp-json\/wp\/v2\/pages\/187","targetHints":{"allow":["GET"]}}],"collection":[{"href":"https:\/\/annavazquezskincare.com\/academia\/wp-json\/wp\/v2\/pages"}],"about":[{"href":"https:\/\/annavazquezskincare.com\/academia\/wp-json\/wp\/v2\/types\/page"}],"author":[{"embeddable":true,"href":"https:\/\/annavazquezskincare.com\/academia\/wp-json\/wp\/v2\/users\/1"}],"replies":[{"embeddable":true,"href":"https:\/\/annavazquezskincare.com\/academia\/wp-json\/wp\/v2\/comments?post=187"}],"version-history":[{"count":58,"href":"https:\/\/annavazquezskincare.com\/academia\/wp-json\/wp\/v2\/pages\/187\/revisions"}],"predecessor-version":[{"id":500,"href":"https:\/\/annavazquezskincare.com\/academia\/wp-json\/wp\/v2\/pages\/187\/revisions\/500"}],"wp:attachment":[{"href":"https:\/\/annavazquezskincare.com\/academia\/wp-json\/wp\/v2\/media?parent=187"}],"curies":[{"name":"wp","href":"https:\/\/api.w.org\/{rel}","templated":true}]}}