{"id":399,"date":"2025-08-17T22:46:05","date_gmt":"2025-08-17T20:46:05","guid":{"rendered":"https:\/\/annavazquezskincare.com\/academia\/?page_id=399"},"modified":"2025-10-29T21:55:53","modified_gmt":"2025-10-29T20:55:53","slug":"aviso-legal","status":"publish","type":"page","link":"https:\/\/annavazquezskincare.com\/academia\/aviso-legal\/","title":{"rendered":"Aviso legal"},"content":{"rendered":"\n<p><strong>1. DATOS IDENTIFICATIVOS<\/strong><\/p>\n\n\n\n<p>En cumplimiento con el deber de informaci\u00f3n recogido en art\u00edculo 10 de la Ley 34\/2002, de 11 de julio, de Servicios de la Sociedad de la Informaci\u00f3n y del Comercio Electr\u00f3nico, a continuaci\u00f3n se reflejan los siguientes datos:<\/p>\n\n\n\n<p>La persona titular del presente dominio web es Ana Beatriz V\u00e1zquez Oquendo (en adelante ABVO), con domicilio a estos efectos en Calle Ayala 117<br>Madrid (28006), Madrid, Espa\u00f1a y n\u00famero de N.I.F.: 53940691X<\/p>\n\n\n\n<p>Correo electr\u00f3nico de contacto:&nbsp;<a href=\"mailto:hello@annavazqueskincare.com\">hello@annavazqueskincare.com<\/a><\/p>\n\n\n\n<p><strong>2. USUARIOS<\/strong><\/p>\n\n\n\n<p>El acceso y\/o uso de este portal o sitio web le atribuye la condici\u00f3n de USUARIO, que acepta, desde dicho acceso y\/o uso, las Condiciones Generales de Uso reflejadas en el<\/p>\n\n\n\n<p>presente aviso. Las Condiciones ser\u00e1n de aplicaci\u00f3n independientemente de las<\/p>\n\n\n\n<p>Condiciones Generales de Contrataci\u00f3n que en su caso resulten de obligado cumplimiento.<\/p>\n\n\n\n<p>En todo caso para cualquier fin espec\u00edfico se pedir\u00e1 su consentimiento expreso.<\/p>\n\n\n\n<p><strong>3. USO DEL PORTAL<\/strong><\/p>\n\n\n\n<p>Nuestra web proporciona el acceso a informaciones, servicios, programas o datos (en<\/p>\n\n\n\n<p>adelante pasaremos a denominarlos como \u201clos contenidos\u201d) en Internet pertenecientes a ABVO o a sus licenciantes a los que el USUARIO pueda tener acceso.<\/p>\n\n\n\n<p>El USUARIO asume la responsabilidad del correcto uso del portal. Dicha responsabilidad se extiende al registro que fuese necesario para acceder a determinados servicios o contenidos.<\/p>\n\n\n\n<p>En dicho registro el USUARIO ser\u00e1 responsable de aportar informaci\u00f3n veraz y l\u00edcita sobre sus datos. Como consecuencia de este registro, al USUARIO se le puede proporcionar una contrase\u00f1a de la que ser\u00e1 responsable, comprometi\u00e9ndose a hacer un uso diligente, \u00e9tico y confidencial de la misma. El USUARIO se compromete a hacer un uso adecuado de los contenidos y servicios (como por ejemplo servicios de chat, foros de discusi\u00f3n o grupos de noticias) que se ofrece a trav\u00e9s de su portal y con car\u00e1cter enunciativo pero no limitativo, a no emplearlos para:<\/p>\n\n\n\n<p>\u2013 Incurrir en actividades il\u00edcitas, ilegales o contrarias a la buena fe y al orden p\u00fablico;<\/p>\n\n\n\n<p>\u2013 Difundir contenidos o propaganda de car\u00e1cter racista, xen\u00f3fobo, pornogr\u00e1fico-ilegal, de apolog\u00eda del terrorismo o atentatorio contra los derechos humanos<\/p>\n\n\n\n<p>\u2013 Provocar da\u00f1os en los sistemas f\u00edsicos y l\u00f3gicos del propietario, de sus proveedores o de terceras personas, introducir o difundir en la red virus inform\u00e1ticos o cualesquiera otros sistemas f\u00edsicos o l\u00f3gicos que sean susceptibles de provocar los da\u00f1os anteriormente mencionados;<\/p>\n\n\n\n<p>\u2013 Intentar acceder y, en su caso, utilizar las cuentas de correo electr\u00f3nico de otros usuarios y modificar o manipular sus mensajes. El propietario del portal se reserva el derecho de retirar todos aquellos comentarios y aportaciones que vulneren el respeto a la dignidad de la persona, que sean discriminatorios, xen\u00f3fobos, racistas, pornogr\u00e1ficos, que atenten contra la juventud o la infancia, el orden o la seguridad p\u00fablica o que, a su juicio, no resultaran adecuados o convenientes para su publicaci\u00f3n. En cualquier caso, el propietario del portal no ser\u00e1 responsable de las opiniones vertidas por los usuarios a trav\u00e9s de los foros, chats, u otras herramientas de participaci\u00f3n.<\/p>\n\n\n\n<p><strong>4. PROTECCI\u00d3N DE DATOS<\/strong><\/p>\n\n\n\n<p>El uso de los datos personales est\u00e1 definida en base al Reglamento General de Protecci\u00f3n de Datos y la normativa espa\u00f1ola vigente. Con el fin de conseguir la m\u00e1xima transparencia y en base a nuestra pol\u00edtica proactiva le informamos:<\/p>\n\n\n\n<ul class=\"wp-block-list\">\n<li>Que los datos solicitados en el formulario de contacto no son obligatorios y en ning\u00fan caso ser\u00e1n utilizados con otro fin que agilizar el contacto y la informaci\u00f3n al cliente.<\/li>\n\n\n\n<li>S\u00f3lo recabamos datos de contacto de car\u00e1cter personal.<\/li>\n\n\n\n<li>Estos datos bajo ning\u00fan concepto ser\u00e1n cedidos a un tercero.<\/li>\n<\/ul>\n\n\n\n<p>Derechos: Tiene derecho a acceder a sus datos, rectificarlos, suprimirlos, limitarlos y<\/p>\n\n\n\n<p>oponerse a su tratamiento en cualquier momento, tambi\u00e9n puede retirar el consentimiento prestado y reclamar ante la autoridad de control ( Agencia Espa\u00f1ola de protecci\u00f3n de Datos c\/ Jorge Juan no6 28001 Madrid). Para el ejercicio de sus derechos dispone de un canal directo con nuestra empresa en el mail&nbsp;<a href=\"mailto:info@farmaciamonicavergara.com\">hello@annavazquezskincare.com<\/a>&nbsp; y en la<\/p>\n\n\n\n<p>direcci\u00f3n postal Calle Ayala 117 Madrid (28006), Madrid, Espa\u00f1a, indicando en el asunto protecci\u00f3n de datos.<\/p>\n\n\n\n<p>Privacidad en la navegaci\u00f3n:<\/p>\n\n\n\n<p>El propietario del portal se toma la privacidad muy en serio, y se esfuerza por la transparencia en todos los aspectos relacionados con los datos personales. Si desea configurar las cookies adjuntamos los enlaces correspondientes a cada navegador.<\/p>\n\n\n\n<p>Rogamos consulte la pol\u00edtica de cookies de nuestra web para obtener m\u00e1s informaci\u00f3n.<\/p>\n\n\n\n<p>Puede encontrar m\u00e1s informaci\u00f3n sobre c\u00f3mo cambiar la configuraci\u00f3n de las cookies en el explorador que utiliza en la siguiente lista:<\/p>\n\n\n\n<p>\u2022&nbsp;<a href=\"https:\/\/www.google.com\/intl\/en\/policies\/technologies\/managing\/\" target=\"_blank\" rel=\"noreferrer noopener\">https:\/\/www.google.com\/intl\/en\/policies\/technologies\/managing\/<\/a><\/p>\n\n\n\n<p>\u2022&nbsp;<a href=\"http:\/\/support.mozilla.com\/en-GB\/kb\/Cookies#w_cookie-settings\" target=\"_blank\" rel=\"noreferrer noopener\">http:\/\/support.mozilla.com\/en-GB\/kb\/Cookies#w_cookie-settings<\/a><\/p>\n\n\n\n<p>\u2022&nbsp;<a href=\"http:\/\/windows.microsoft.com\/en-GB\/windows-vista\/Block-or-allow-cookies\" target=\"_blank\" rel=\"noreferrer noopener\">http:\/\/windows.microsoft.com\/en-GB\/windows-vista\/Block-or-allow-cookies<\/a><\/p>\n\n\n\n<p>\u2022&nbsp;<a href=\"http:\/\/www.apple.com\/safari\/features.html#security\" target=\"_blank\" rel=\"noreferrer noopener\">http:\/\/www.apple.com\/safari\/features.html#security<\/a><\/p>\n\n\n\n<p>Asimismo, ABVO informa que da cumplimiento a la Ley 34\/2002 de 11 de julio, de Servicios de la Sociedad de la Informaci\u00f3n y el Comercio Electr\u00f3nico y le solicitar\u00e1 su consentimiento al tratamiento de su correo electr\u00f3nico con fines comerciales en cada momento.<\/p>\n\n\n\n<p><strong>5. PROPIEDAD INTELECTUAL E INDUSTRIAL<\/strong><\/p>\n\n\n\n<p>El propietario por s\u00ed o como cesionaria, es titular de todos los derechos de propiedad<\/p>\n\n\n\n<p>intelectual e industrial de su p\u00e1gina web, as\u00ed como de los elementos contenidos en la misma (a t\u00edtulo enunciativo, im\u00e1genes, sonido, audio, v\u00eddeo, software o textos; marcas o logotipos, combinaciones de colores, estructura y dise\u00f1o, selecci\u00f3n de materiales usados, programas de ordenador necesarios para su funcionamiento, acceso y uso, etc.). Todos los derechos reservados. En virtud de lo dispuesto en los art\u00edculos 8 y 32.1, p\u00e1rrafo segundo, de la Ley de Propiedad Intelectual, quedan expresamente prohibidas la reproducci\u00f3n, la distribuci\u00f3n y la comunicaci\u00f3n p\u00fablica, incluida su modalidad de puesta a disposici\u00f3n, de la totalidad o parte de los contenidos de esta p\u00e1gina web, con fines comerciales, en cualquier soporte y por cualquier medio t\u00e9cnico, sin la autorizaci\u00f3n de ABVO.<\/p>\n\n\n\n<p>El USUARIO se compromete a respetar los derechos de Propiedad Intelectual e Industrial titularidad de AVBO<\/p>\n\n\n\n<p>Podr\u00e1 visualizar los elementos del portal e incluso imprimirlos, copiarlos y almacenarlos en el disco duro de su ordenador o en cualquier otro soporte f\u00edsico siempre y cuando sea, \u00fanica y exclusivamente, para su uso personal y privado. El USUARIO deber\u00e1 abstenerse de suprimir, alterar, eludir o manipular cualquier dispositivo de protecci\u00f3n o sistema de seguridad que estuviera instalado en las p\u00e1ginas de AVBO.<\/p>\n\n\n\n<p><strong>6. EXCLUSI\u00d3N DE GARANT\u00cdAS Y RESPONSABILIDAD<\/strong><\/p>\n\n\n\n<p>AVBO no se hace responsable, en ning\u00fan caso, de los da\u00f1os y perjuicios de<\/p>\n\n\n\n<p>cualquier naturaleza que pudieran ocasionar, a t\u00edtulo enunciativo: errores u omisiones en los contenidos, falta de disponibilidad del portal o la transmisi\u00f3n de virus o programas maliciosos o lesivos en los contenidos, a pesar de haber adoptado todas las medidas tecnol\u00f3gicas necesarias para evitarlo.<\/p>\n\n\n\n<p><strong>7. MODIFICACIONES<\/strong><\/p>\n\n\n\n<p>AVBO se reserva el derecho de efectuar sin previo aviso las modificaciones<\/p>\n\n\n\n<p>que considere oportunas en su portal, pudiendo cambiar, suprimir o a\u00f1adir tanto los<\/p>\n\n\n\n<p>contenidos y servicios que se presten a trav\u00e9s de la misma como la forma en la que \u00e9stos aparezcan presentados o localizados en su portal.<\/p>\n\n\n\n<p><strong>8. ENLACES<\/strong><\/p>\n\n\n\n<p>En el caso de que en AVBO se dispusiesen enlaces o hiperv\u00ednculos hac\u00eda otros sitios de Internet, no ejercer\u00e1 ning\u00fan tipo de control sobre dichos sitios y contenidos. En ning\u00fan caso AVBO asumir\u00e1 responsabilidad AVBO se reserva el derecho a denegar o retirar el acceso a portal y\/o los servicios ofrecidos sin necesidad de preaviso, a instancia propia o de un tercero, a aquellos usuarios que incumplan las presentes Condiciones Generales de Uso.<\/p>\n\n\n\n<p><strong>9.GENERALIDADES<\/strong><\/p>\n\n\n\n<p>Se perseguir\u00e1 el incumplimiento de las presentes condiciones, as\u00ed como cualquier utilizaci\u00f3n indebida de su portal ejerciendo todas las acciones civiles y penales que le puedan corresponder en derecho.<\/p>\n\n\n\n<p><strong>10.MODIFICACI\u00d3N DE LAS PRESENTES CONDICIONES Y DURACI\u00d3N<\/strong><\/p>\n\n\n\n<p>AVBO podr\u00e1 modificar en cualquier momento las condiciones aqu\u00ed determinadas, siendo debidamente publicadas como aqu\u00ed aparecen.<\/p>\n\n\n\n<p>La vigencia de las citadas condiciones ir\u00e1 en funci\u00f3n de su exposici\u00f3n y estar\u00e1n vigentes hasta debidamente publicadas. que sean modificadas por otras.<\/p>\n\n\n\n<p><strong>11. LEGISLACI\u00d3N APLICABLE Y JURISDICCI\u00d3N<\/strong><\/p>\n\n\n\n<p>La relaci\u00f3n entre AVBO y el USUARIO se regir\u00e1 por la normativa espa\u00f1ola vigente y cualquier controversia se someter\u00e1 a la autoridad pertinente.<\/p>\n","protected":false},"excerpt":{"rendered":"<p>1. DATOS IDENTIFICATIVOS En cumplimiento con el deber de informaci\u00f3n recogido en art\u00edculo 10 de la Ley 34\/2002, de 11 de julio, de Servicios de la Sociedad de la Informaci\u00f3n y del Comercio Electr\u00f3nico, a continuaci\u00f3n se reflejan los siguientes datos: La persona titular del presente dominio web es Ana Beatriz V\u00e1zquez Oquendo (en adelante ABVO), con domicilio a estos efectos en Calle Ayala 117Madrid (28006), Madrid, Espa\u00f1a y n\u00famero de N.I.F.: 53940691X Correo electr\u00f3nico de contacto:&nbsp;hello@annavazqueskincare.com 2. USUARIOS El acceso y\/o uso de este portal o sitio web le atribuye la condici\u00f3n de USUARIO, que acepta, desde dicho acceso y\/o uso, las Condiciones Generales de Uso reflejadas en el presente aviso. Las Condiciones ser\u00e1n de aplicaci\u00f3n independientemente de las Condiciones Generales de Contrataci\u00f3n que en su caso resulten de obligado cumplimiento. En todo caso para cualquier fin espec\u00edfico se pedir\u00e1 su consentimiento expreso. 3. USO DEL PORTAL Nuestra web proporciona el acceso a informaciones, servicios, programas o datos (en adelante pasaremos a denominarlos como \u201clos contenidos\u201d) en Internet pertenecientes a ABVO o a sus licenciantes a los que el USUARIO pueda tener acceso. El USUARIO asume la responsabilidad del correcto uso del portal. Dicha responsabilidad se extiende al registro que fuese necesario para acceder a determinados servicios o contenidos. En dicho registro el USUARIO ser\u00e1 responsable de aportar informaci\u00f3n veraz y l\u00edcita sobre sus datos. Como consecuencia de este registro, al USUARIO se le puede proporcionar una contrase\u00f1a de la que ser\u00e1 responsable, comprometi\u00e9ndose a hacer un uso diligente, \u00e9tico y confidencial de la misma. El USUARIO se compromete a hacer un uso adecuado de los contenidos y servicios (como por ejemplo servicios de chat, foros de discusi\u00f3n o grupos de noticias) que se ofrece a trav\u00e9s de su portal y con car\u00e1cter enunciativo pero no limitativo, a no emplearlos para: \u2013 Incurrir en actividades il\u00edcitas, ilegales o contrarias a la buena fe y al orden p\u00fablico; \u2013 Difundir contenidos o propaganda de car\u00e1cter racista, xen\u00f3fobo, pornogr\u00e1fico-ilegal, de apolog\u00eda del terrorismo o atentatorio contra los derechos humanos \u2013 Provocar da\u00f1os en los sistemas f\u00edsicos y l\u00f3gicos del propietario, de sus proveedores o de terceras personas, introducir o difundir en la red virus inform\u00e1ticos o cualesquiera otros sistemas f\u00edsicos o l\u00f3gicos que sean susceptibles de provocar los da\u00f1os anteriormente mencionados; \u2013 Intentar acceder y, en su caso, utilizar las cuentas de correo electr\u00f3nico de otros usuarios y modificar o manipular sus mensajes. El propietario del portal se reserva el derecho de retirar todos aquellos comentarios y aportaciones que vulneren el respeto a la dignidad de la persona, que sean discriminatorios, xen\u00f3fobos, racistas, pornogr\u00e1ficos, que atenten contra la juventud o la infancia, el orden o la seguridad p\u00fablica o que, a su juicio, no resultaran adecuados o convenientes para su publicaci\u00f3n. En cualquier caso, el propietario del portal no ser\u00e1 responsable de las opiniones vertidas por los usuarios a trav\u00e9s de los foros, chats, u otras herramientas de participaci\u00f3n. 4. PROTECCI\u00d3N DE DATOS El uso de los datos personales est\u00e1 definida en base al Reglamento General de Protecci\u00f3n de Datos y la normativa espa\u00f1ola vigente. Con el fin de conseguir la m\u00e1xima transparencia y en base a nuestra pol\u00edtica proactiva le informamos: Derechos: Tiene derecho a acceder a sus datos, rectificarlos, suprimirlos, limitarlos y oponerse a su tratamiento en cualquier momento, tambi\u00e9n puede retirar el consentimiento prestado y reclamar ante la autoridad de control ( Agencia Espa\u00f1ola de protecci\u00f3n de Datos c\/ Jorge Juan no6 28001 Madrid). Para el ejercicio de sus derechos dispone de un canal directo con nuestra empresa en el mail&nbsp;hello@annavazquezskincare.com&nbsp; y en la direcci\u00f3n postal Calle Ayala 117 Madrid (28006), Madrid, Espa\u00f1a, indicando en el asunto protecci\u00f3n de datos. Privacidad en la navegaci\u00f3n: El propietario del portal se toma la privacidad muy en serio, y se esfuerza por la transparencia en todos los aspectos relacionados con los datos personales. Si desea configurar las cookies adjuntamos los enlaces correspondientes a cada navegador. Rogamos consulte la pol\u00edtica de cookies de nuestra web para obtener m\u00e1s informaci\u00f3n. Puede encontrar m\u00e1s informaci\u00f3n sobre c\u00f3mo cambiar la configuraci\u00f3n de las cookies en el explorador que utiliza en la siguiente lista: \u2022&nbsp;https:\/\/www.google.com\/intl\/en\/policies\/technologies\/managing\/ \u2022&nbsp;http:\/\/support.mozilla.com\/en-GB\/kb\/Cookies#w_cookie-settings \u2022&nbsp;http:\/\/windows.microsoft.com\/en-GB\/windows-vista\/Block-or-allow-cookies \u2022&nbsp;http:\/\/www.apple.com\/safari\/features.html#security Asimismo, ABVO informa que da cumplimiento a la Ley 34\/2002 de 11 de julio, de Servicios de la Sociedad de la Informaci\u00f3n y el Comercio Electr\u00f3nico y le solicitar\u00e1 su consentimiento al tratamiento de su correo electr\u00f3nico con fines comerciales en cada momento. 5. PROPIEDAD INTELECTUAL E INDUSTRIAL El propietario por s\u00ed o como cesionaria, es titular de todos los derechos de propiedad intelectual e industrial de su p\u00e1gina web, as\u00ed como de los elementos contenidos en la misma (a t\u00edtulo enunciativo, im\u00e1genes, sonido, audio, v\u00eddeo, software o textos; marcas o logotipos, combinaciones de colores, estructura y dise\u00f1o, selecci\u00f3n de materiales usados, programas de ordenador necesarios para su funcionamiento, acceso y uso, etc.). Todos los derechos reservados. En virtud de lo dispuesto en los art\u00edculos 8 y 32.1, p\u00e1rrafo segundo, de la Ley de Propiedad Intelectual, quedan expresamente prohibidas la reproducci\u00f3n, la distribuci\u00f3n y la comunicaci\u00f3n p\u00fablica, incluida su modalidad de puesta a disposici\u00f3n, de la totalidad o parte de los contenidos de esta p\u00e1gina web, con fines comerciales, en cualquier soporte y por cualquier medio t\u00e9cnico, sin la autorizaci\u00f3n de ABVO. El USUARIO se compromete a respetar los derechos de Propiedad Intelectual e Industrial titularidad de AVBO Podr\u00e1 visualizar los elementos del portal e incluso imprimirlos, copiarlos y almacenarlos en el disco duro de su ordenador o en cualquier otro soporte f\u00edsico siempre y cuando sea, \u00fanica y exclusivamente, para su uso personal y privado. El USUARIO deber\u00e1 abstenerse de suprimir, alterar, eludir o manipular cualquier dispositivo de protecci\u00f3n o sistema de seguridad que estuviera instalado en las p\u00e1ginas de AVBO. 6. EXCLUSI\u00d3N DE GARANT\u00cdAS Y RESPONSABILIDAD AVBO no se hace responsable, en ning\u00fan caso, de los da\u00f1os y perjuicios de cualquier naturaleza que pudieran ocasionar, a t\u00edtulo enunciativo: errores u omisiones en los contenidos, falta de disponibilidad del portal o la transmisi\u00f3n de virus o<a href=\"https:\/\/annavazquezskincare.com\/academia\/aviso-legal\/\" rel=\"bookmark\"><span class=\"screen-reader-text\">Aviso legal<\/span><\/a><\/p>\n","protected":false},"author":1,"featured_media":0,"parent":0,"menu_order":0,"comment_status":"closed","ping_status":"closed","template":"","meta":{"neve_meta_sidebar":"","neve_meta_container":"","neve_meta_enable_content_width":"","neve_meta_content_width":0,"neve_meta_title_alignment":"","neve_meta_author_avatar":"","neve_post_elements_order":"","neve_meta_disable_header":"","neve_meta_disable_footer":"","neve_meta_disable_title":"","footnotes":""},"class_list":["post-399","page","type-page","status-publish","hentry"],"_links":{"self":[{"href":"https:\/\/annavazquezskincare.com\/academia\/wp-json\/wp\/v2\/pages\/399","targetHints":{"allow":["GET"]}}],"collection":[{"href":"https:\/\/annavazquezskincare.com\/academia\/wp-json\/wp\/v2\/pages"}],"about":[{"href":"https:\/\/annavazquezskincare.com\/academia\/wp-json\/wp\/v2\/types\/page"}],"author":[{"embeddable":true,"href":"https:\/\/annavazquezskincare.com\/academia\/wp-json\/wp\/v2\/users\/1"}],"replies":[{"embeddable":true,"href":"https:\/\/annavazquezskincare.com\/academia\/wp-json\/wp\/v2\/comments?post=399"}],"version-history":[{"count":1,"href":"https:\/\/annavazquezskincare.com\/academia\/wp-json\/wp\/v2\/pages\/399\/revisions"}],"predecessor-version":[{"id":400,"href":"https:\/\/annavazquezskincare.com\/academia\/wp-json\/wp\/v2\/pages\/399\/revisions\/400"}],"wp:attachment":[{"href":"https:\/\/annavazquezskincare.com\/academia\/wp-json\/wp\/v2\/media?parent=399"}],"curies":[{"name":"wp","href":"https:\/\/api.w.org\/{rel}","templated":true}]}}