{"id":403,"date":"2025-08-17T22:47:56","date_gmt":"2025-08-17T20:47:56","guid":{"rendered":"https:\/\/annavazquezskincare.com\/academia\/?page_id=403"},"modified":"2025-10-29T21:55:53","modified_gmt":"2025-10-29T20:55:53","slug":"politicas-de-cookies","status":"publish","type":"page","link":"https:\/\/annavazquezskincare.com\/academia\/politicas-de-cookies\/","title":{"rendered":"Pol\u00edticas de cookies"},"content":{"rendered":"\n<p>1. Introducci\u00f3n<\/p>\n\n\n\n<p>Nuestro sitio web,&nbsp;<a href=\"http:\/\/www.farmaciamonicavergara.com\/\" target=\"_blank\" rel=\"noreferrer noopener\">www.annavazquezskincare.com<\/a>&nbsp;(en adelante: \u201cel sitio web\u201d) utiliza cookies y otras tecnolog\u00edas relacionadas (para mayor comodidad, todas las tecnolog\u00edas se denominan \u201ccookies\u201d). Las cookies tambi\u00e9n son colocadas por terceros que hemos contratado. En el siguiente documento le informamos sobre el uso de cookies en nuestro sitio web.<\/p>\n\n\n\n<p>2. \u00bfQu\u00e9 son las cookies?<\/p>\n\n\n\n<p>Una cookie es un peque\u00f1o archivo simple que se env\u00eda junto con las p\u00e1ginas de este sitio web y que su navegador almacena en el disco duro de su ordenador o de otro dispositivo. La informaci\u00f3n almacenada puede ser devuelta a nuestros servidores o a los servidores de los terceros relevantes durante una visita posterior.<\/p>\n\n\n\n<p>3. \u00bfQu\u00e9 son los scripts?<\/p>\n\n\n\n<p>Un script es un fragmento de c\u00f3digo de programa que se utiliza para hacer que nuestro sitio web funcione correctamente y de forma interactiva. Este c\u00f3digo se ejecuta en nuestro servidor o en su dispositivo.<\/p>\n\n\n\n<p>4. \u00bfQu\u00e9 es una baliza web?<\/p>\n\n\n\n<p>Una baliza web (o una etiqueta de p\u00edxel) es una peque\u00f1a e invisible pieza de texto o imagen en un sitio web que se utiliza para monitorear el tr\u00e1fico en un sitio web. Para ello, se almacenan varios datos sobre usted mediante web beacons.<\/p>\n\n\n\n<p>5. Consentimiento<\/p>\n\n\n\n<p>Cuando visite nuestro sitio web por primera vez, le mostraremos una ventana emergente con una explicaci\u00f3n sobre las cookies. Tan pronto como haga clic en \u201cGuardar preferencias\u201d, nos autoriza a utilizar las categor\u00edas de cookies y plug-ins que seleccion\u00f3 en la ventana emergente, tal y como se describe en esta declaraci\u00f3n de cookies. Usted puede desactivar el uso de cookies a trav\u00e9s de su navegador, pero tenga en cuenta que es posible que nuestro sitio web ya no funcione correctamente.<\/p>\n\n\n\n<p>&nbsp; &nbsp;5.1 Administraci\u00f3n de configuraci\u00f3n de consentimiento<\/p>\n\n\n\n<p>El usuario tiene el derecho de mostrar su conformidad a trav\u00e9s de la prestaci\u00f3n del consentimiento que solicitaremos al visitar nuestra web.<\/p>\n\n\n\n<p>Dicho consentimiento podr\u00e1 ser modificado en todo momento.<\/p>\n\n\n\n<p>6. Cookies<\/p>\n\n\n\n<p>&nbsp; &nbsp;6.1 Cookies t\u00e9cnicas o funcionales<\/p>\n\n\n\n<p>Algunas cookies aseguran que ciertas partes del sitio web funcionen correctamente y que sus preferencias de usuario sigan siendo conocidas. Al colocar cookies funcionales, le facilitamos la visita a nuestro sitio web. De esta manera, usted no necesita introducir repetidamente la misma informaci\u00f3n cuando visita nuestro sitio web y, por ejemplo, los art\u00edculos permanecen en su cesta de la compra hasta que usted haya pagado. Podemos colocar estas cookies sin su consentimiento.<\/p>\n\n\n\n<p>&nbsp; &nbsp;6.2 Cookies anal\u00edticas<\/p>\n\n\n\n<p>Son aqu\u00e9llas que bien tratadas por nosotros o por terceros, nos permiten cuantificar el n\u00famero de usuarios y as\u00ed realizar la medici\u00f3n y an\u00e1lisis estad\u00edstico de la utilizaci\u00f3n que hacen los usuarios del servicio ofertado. Para ello se analiza su navegaci\u00f3n en nuestra p\u00e1gina web con el fin de mejorar la oferta de productos o servicios que le ofrecemos.<\/p>\n\n\n\n<p>&nbsp; &nbsp;6.3 Cookies de publicidad<\/p>\n\n\n\n<p>Son aqu\u00e9llas que, bien tratadas por nosotros o por terceros, nos permiten gestionar de la forma m\u00e1s eficaz posible la oferta de los espacios publicitarios que hay en la p\u00e1gina web, adecuando el contenido del anuncio al contenido del servicio solicitado o al uso que realice de nuestra p\u00e1gina web. Para ello podemos analizar sus h\u00e1bitos de navegaci\u00f3n en Internet y podemos mostrarle publicidad relacionada con su perfil de navegaci\u00f3n.<\/p>\n\n\n\n<p>&nbsp; &nbsp;6.4 Botones de medios sociales<\/p>\n\n\n\n<p>En nuestro sitio web hemos incluidos botones para publicitar paginas (p.e. \u201clike, \u201cpin\u201d) o compartirlas (p.e. \u201ctweet\u201d) en redes sociales como. Estos botones funcionan usando c\u00f3digo de ellos mismos. Este c\u00f3digo incrusta cookies. Estos botones de redes sociales pueden almacenar y procesar cierta informaci\u00f3n, as\u00ed que se te puede ser mostrado un anuncio personalizado.<\/p>\n\n\n\n<p>Por favor lee la pol\u00edtica de privacidad de estas redes sociales (que puede cambiar frecuentemente) para saber que hacen con tus datos (personales) que procesan usando estas cookies. Los datos que reciben son anonimizados el m\u00e1ximo posible est\u00e1n ubicados en los Estados Unidos<\/p>\n\n\n\n<p>7. Cookies usadas<\/p>\n\n\n\n<p>A continuaci\u00f3n le indicamos las cookies utilizadas en este sitio.<\/p>\n\n\n\n<p>COOKIE<\/p>\n\n\n\n<p>PROPIETARIO<\/p>\n\n\n\n<p>CADUCIDAD<\/p>\n\n\n\n<p>CATEGOR\u00cdA<\/p>\n\n\n\n<p>FINALIDAD<\/p>\n\n\n\n<p>\u200b8. Sus derechos con respecto a los datos personales<\/p>\n\n\n\n<p>Usted tiene los siguientes derechos con respecto a sus datos personales:<\/p>\n\n\n\n<ul class=\"wp-block-list\">\n<li>Usted tiene derecho a saber por qu\u00e9 se necesitan sus datos personales, qu\u00e9 suceder\u00e1 con ellos y durante cu\u00e1nto tiempo se conservar\u00e1n.<\/li>\n\n\n\n<li>Derecho de acceso: Usted tiene derecho a acceder a sus datos personales que conocemos.<\/li>\n\n\n\n<li>Derecho de rectificaci\u00f3n: tiene derecho a completar, rectificar, borrar o bloquear sus datos personales cuando lo desee.<\/li>\n\n\n\n<li>Si usted nos da su consentimiento para procesar sus datos, tiene derecho a revocar dicho consentimiento y a que se eliminen sus datos personales.<\/li>\n\n\n\n<li>Derecho de cesi\u00f3n de sus datos: tiene derecho a solicitar todos sus datos personales al responsable del tratamiento y a transferirlos \u00edntegramente a otro responsable del tratamiento.<\/li>\n\n\n\n<li>Derecho de oposici\u00f3n: usted puede oponerse al tratamiento de sus datos. Nosotros cumplimos con esto, a menos que existan motivos justificados para el procesamiento.<\/li>\n<\/ul>\n\n\n\n<p>Para ejercer estos derechos, p\u00f3ngase en contacto con nosotros. Por favor refi\u00e9rase a los detalles de contacto en la parte inferior de esta declaraci\u00f3n de cookies. Si tiene alguna queja sobre c\u00f3mo manejamos sus datos, nos gustar\u00eda saber de usted, pero tambi\u00e9n tiene derecho a presentar una queja a la autoridad supervisora (la Autoridad de Protecci\u00f3n de Datos).<\/p>\n\n\n\n<p>9. Habilitaci\u00f3n\/deshabilitaci\u00f3n y eliminaci\u00f3n de cookies<\/p>\n\n\n\n<p>Puede utilizar su navegador de Internet para eliminar las cookies de forma autom\u00e1tica o manual. Usted tambi\u00e9n puede especificar que ciertas cookies no pueden ser colocadas. Otra opci\u00f3n es cambiar la configuraci\u00f3n de su navegador de Internet para que reciba un mensaje cada vez que se coloca una cookie. Para obtener m\u00e1s informaci\u00f3n sobre estas opciones, consulte las instrucciones de la secci\u00f3n Ayuda de su navegador.<\/p>\n\n\n\n<p>Tenga en cuenta que nuestro sitio web puede no funcionar correctamente si todas las cookies est\u00e1n deshabilitadas. Si borra las cookies de su navegador, se volver\u00e1n a colocar despu\u00e9s de su consentimiento cuando vuelva a visitar nuestros sitios web.<\/p>\n\n\n\n<p>10. Detalles de contacto<\/p>\n\n\n\n<p>Para preguntas y\/o comentarios sobre nuestra pol\u00edtica de cookies y esta declaraci\u00f3n, p\u00f3ngase en contacto con nosotros utilizando los siguientes datos de contacto:<\/p>\n\n\n\n<p>Denominaci\u00f3n: Ana Beatriz V\u00e1zquez Oquendo.<br>Direcci\u00f3n: Calle Ayala 117 Madrid (28006), Madrid, Espa\u00f1a<br>Website: https:\/\/www.annavazquezskincare.com<br>Email: hello@annavazquezskincare.com<br>N\u00famero de tel\u00e9fono:&nbsp;<a href=\"https:\/\/www.google.com\/search?q=farmacia+m%C3%B3nica+vergara&amp;rlz=1C5CHFA_enES1015ES1016&amp;oq=farmacia+m%C3%B3nica+vergara&amp;aqs=chrome.0.0i355i512j46i175i199i512j0i22i30j69i61.5574j1j7&amp;sourceid=chrome&amp;ie=UTF-8#\" target=\"_blank\" rel=\"noreferrer noopener\">+34 608 42 85 08<\/a><\/p>\n\n\n\n<p>\u00bfCu\u00e1les son sus derechos cuando nos facilita sus datos?<\/p>\n\n\n\n<p>Cualquier interesado tiene derecho a obtener confirmaci\u00f3n sobre si en Ana Beatriz V\u00e1zquez Oquendo estamos tratando los datos personales que le conciernan o no.<\/p>\n\n\n\n<p>Las personas interesadas tienen derecho a acceder a sus datos personales, as\u00ed como solicitar la rectificaci\u00f3n de datos inexactos o, en su caso, solicitar su supresi\u00f3n cuando, entre otros motivos, los datos ya no sea necesarios para los fines para los que fueron recogidos.<\/p>\n\n\n\n<p>En determinadas circunstancias, los interesados podr\u00e1n solicitar la limitaci\u00f3n del tratamiento de sus datos, en cuyo caso \u00fanicamente los conservaremos para el ejercicio o la defensa de reclamaciones.&nbsp; Los usuarios tambi\u00e9n podr\u00e1n oponerse al tratamiento de sus datos. Ana Beatriz V\u00e1zquez Oquendo dejar\u00e1 de tratar los datos, salvo por motivos leg\u00edtimos imperiosos, o en el ejercicio o defensa de reclamaciones.<\/p>\n\n\n\n<p>El usuario puede enviar un escrito a Ana Beatriz V\u00e1zquez Oquendo, al domicilio del responsable, o bien por medio de un correo electr\u00f3nico indicado en el encabezado de la presente Pol\u00edtica, adjuntando fotocopia de su documento de identidad, en cualquier momento y de manera gratuita, para:<\/p>\n\n\n\n<ul class=\"wp-block-list\">\n<li>Revocar los consentimientos otorgados.<\/li>\n\n\n\n<li>Obtener confirmaci\u00f3n acerca de si se est\u00e1n tratando datos personales que conciernen al Usuario o no.<\/li>\n\n\n\n<li>Acceder a sus datos personales.<\/li>\n\n\n\n<li>Rectificar los datos inexactos o incompletos.<\/li>\n\n\n\n<li>Solicitar la supresi\u00f3n de sus datos cuando, entre otros motivos, los datos ya no sean necesarios para los fines que fueron recogidos.<\/li>\n\n\n\n<li>Obtener de la limitaci\u00f3n del tratamiento de los datos cuando se cumpla alguna de las condiciones previstas en la normativa de protecci\u00f3n de datos.<\/li>\n\n\n\n<li>Solicitar la portabilidad de tus datos.<\/li>\n<\/ul>\n\n\n\n<p>Ponerse en contacto con el DPO de Ana Beatriz V\u00e1zquez Oquendo<\/p>\n\n\n\n<p>Interponer una reclamaci\u00f3n en la autoridad de control (<a href=\"http:\/\/www.aepd.es\/\" target=\"_blank\" rel=\"noreferrer noopener\">www.aepd.es<\/a>) en caso de considerar vulnerados los derechos que le son reconocidos por la normativa aplicable en protecci\u00f3n de datos.<\/p>\n\n\n\n<p>Ana Beatriz V\u00e1zquez Oquendo adopta los niveles de seguridad correspondientes requeridos por la citada normativa de Protecci\u00f3n de Datos de Car\u00e1cter Personal y dem\u00e1s normativa aplicable. Dichos niveles de seguridad son obligados para aquellas entidades que accedan a nuestra informaci\u00f3n en virtud de una relaci\u00f3n contractual y\/o prestaci\u00f3n de servicio, en aplicaci\u00f3n del art\u00edculo 28 del Reglamento UE 2016\/679 (RGPD)<\/p>\n\n\n\n<p>No obstante, no asume ninguna responsabilidad por los da\u00f1os y perjuicios derivados de alteraciones que terceros pueden causar en los sistemas inform\u00e1ticos, documentos electr\u00f3nicos o ficheros del usuario.<\/p>\n\n\n\n<p>Se podr\u00e1n utilizar cookies durante la prestaci\u00f3n de servicios del sitio web. Las cookies son ficheros f\u00edsicos de informaci\u00f3n personal alojados en el propio terminal del usuario. El usuario tiene la posibilidad de configurar su programa navegador de manera que se impida la creaci\u00f3n de archivos cookie o se advierta de la misma. Revise nuestra pol\u00edtica de cookies a trav\u00e9s del enlace que encontrar\u00e1 en esta web.<\/p>\n\n\n\n<p>Si opta a abandonar nuestro sitio web a trav\u00e9s de enlaces a sitios web no pertenecientes a nuestra entidad, Ana Beatriz V\u00e1zquez Oquendo no se har\u00e1 responsable de las pol\u00edticas de privacidad de dichos sitios web ni de las cookies que \u00e9stos puedan almacenar en el ordenador del usuario.<\/p>\n\n\n\n<p>Nuestra pol\u00edtica con respecto al correo electr\u00f3nico se centra en remitir \u00fanicamente comunicaciones que usted haya solicitado recibir.<\/p>\n\n\n\n<p>Si prefiere no recibir estos mensajes por correo electr\u00f3nico le ofreceremos a trav\u00e9s de los mismos la posibilidad de ejercer su derecho de cancelaci\u00f3n y renuncia a la recepci\u00f3n de estos mensajes, en conformidad con lo dispuesto en el T\u00edtulo III, art\u00edculo 22 de la Ley 34\/2002 de Servicios para la Sociedad de la Informaci\u00f3n y de Comercio Electr\u00f3nico.<\/p>\n","protected":false},"excerpt":{"rendered":"<p>1. Introducci\u00f3n Nuestro sitio web,&nbsp;www.annavazquezskincare.com&nbsp;(en adelante: \u201cel sitio web\u201d) utiliza cookies y otras tecnolog\u00edas relacionadas (para mayor comodidad, todas las tecnolog\u00edas se denominan \u201ccookies\u201d). Las cookies tambi\u00e9n son colocadas por terceros que hemos contratado. En el siguiente documento le informamos sobre el uso de cookies en nuestro sitio web. 2. \u00bfQu\u00e9 son las cookies? Una cookie es un peque\u00f1o archivo simple que se env\u00eda junto con las p\u00e1ginas de este sitio web y que su navegador almacena en el disco duro de su ordenador o de otro dispositivo. La informaci\u00f3n almacenada puede ser devuelta a nuestros servidores o a los servidores de los terceros relevantes durante una visita posterior. 3. \u00bfQu\u00e9 son los scripts? Un script es un fragmento de c\u00f3digo de programa que se utiliza para hacer que nuestro sitio web funcione correctamente y de forma interactiva. Este c\u00f3digo se ejecuta en nuestro servidor o en su dispositivo. 4. \u00bfQu\u00e9 es una baliza web? Una baliza web (o una etiqueta de p\u00edxel) es una peque\u00f1a e invisible pieza de texto o imagen en un sitio web que se utiliza para monitorear el tr\u00e1fico en un sitio web. Para ello, se almacenan varios datos sobre usted mediante web beacons. 5. Consentimiento Cuando visite nuestro sitio web por primera vez, le mostraremos una ventana emergente con una explicaci\u00f3n sobre las cookies. Tan pronto como haga clic en \u201cGuardar preferencias\u201d, nos autoriza a utilizar las categor\u00edas de cookies y plug-ins que seleccion\u00f3 en la ventana emergente, tal y como se describe en esta declaraci\u00f3n de cookies. Usted puede desactivar el uso de cookies a trav\u00e9s de su navegador, pero tenga en cuenta que es posible que nuestro sitio web ya no funcione correctamente. &nbsp; &nbsp;5.1 Administraci\u00f3n de configuraci\u00f3n de consentimiento El usuario tiene el derecho de mostrar su conformidad a trav\u00e9s de la prestaci\u00f3n del consentimiento que solicitaremos al visitar nuestra web. Dicho consentimiento podr\u00e1 ser modificado en todo momento. 6. Cookies &nbsp; &nbsp;6.1 Cookies t\u00e9cnicas o funcionales Algunas cookies aseguran que ciertas partes del sitio web funcionen correctamente y que sus preferencias de usuario sigan siendo conocidas. Al colocar cookies funcionales, le facilitamos la visita a nuestro sitio web. De esta manera, usted no necesita introducir repetidamente la misma informaci\u00f3n cuando visita nuestro sitio web y, por ejemplo, los art\u00edculos permanecen en su cesta de la compra hasta que usted haya pagado. Podemos colocar estas cookies sin su consentimiento. &nbsp; &nbsp;6.2 Cookies anal\u00edticas Son aqu\u00e9llas que bien tratadas por nosotros o por terceros, nos permiten cuantificar el n\u00famero de usuarios y as\u00ed realizar la medici\u00f3n y an\u00e1lisis estad\u00edstico de la utilizaci\u00f3n que hacen los usuarios del servicio ofertado. Para ello se analiza su navegaci\u00f3n en nuestra p\u00e1gina web con el fin de mejorar la oferta de productos o servicios que le ofrecemos. &nbsp; &nbsp;6.3 Cookies de publicidad Son aqu\u00e9llas que, bien tratadas por nosotros o por terceros, nos permiten gestionar de la forma m\u00e1s eficaz posible la oferta de los espacios publicitarios que hay en la p\u00e1gina web, adecuando el contenido del anuncio al contenido del servicio solicitado o al uso que realice de nuestra p\u00e1gina web. Para ello podemos analizar sus h\u00e1bitos de navegaci\u00f3n en Internet y podemos mostrarle publicidad relacionada con su perfil de navegaci\u00f3n. &nbsp; &nbsp;6.4 Botones de medios sociales En nuestro sitio web hemos incluidos botones para publicitar paginas (p.e. \u201clike, \u201cpin\u201d) o compartirlas (p.e. \u201ctweet\u201d) en redes sociales como. Estos botones funcionan usando c\u00f3digo de ellos mismos. Este c\u00f3digo incrusta cookies. Estos botones de redes sociales pueden almacenar y procesar cierta informaci\u00f3n, as\u00ed que se te puede ser mostrado un anuncio personalizado. Por favor lee la pol\u00edtica de privacidad de estas redes sociales (que puede cambiar frecuentemente) para saber que hacen con tus datos (personales) que procesan usando estas cookies. Los datos que reciben son anonimizados el m\u00e1ximo posible est\u00e1n ubicados en los Estados Unidos 7. Cookies usadas A continuaci\u00f3n le indicamos las cookies utilizadas en este sitio. COOKIE PROPIETARIO CADUCIDAD CATEGOR\u00cdA FINALIDAD \u200b8. Sus derechos con respecto a los datos personales Usted tiene los siguientes derechos con respecto a sus datos personales: Para ejercer estos derechos, p\u00f3ngase en contacto con nosotros. Por favor refi\u00e9rase a los detalles de contacto en la parte inferior de esta declaraci\u00f3n de cookies. Si tiene alguna queja sobre c\u00f3mo manejamos sus datos, nos gustar\u00eda saber de usted, pero tambi\u00e9n tiene derecho a presentar una queja a la autoridad supervisora (la Autoridad de Protecci\u00f3n de Datos). 9. Habilitaci\u00f3n\/deshabilitaci\u00f3n y eliminaci\u00f3n de cookies Puede utilizar su navegador de Internet para eliminar las cookies de forma autom\u00e1tica o manual. Usted tambi\u00e9n puede especificar que ciertas cookies no pueden ser colocadas. Otra opci\u00f3n es cambiar la configuraci\u00f3n de su navegador de Internet para que reciba un mensaje cada vez que se coloca una cookie. Para obtener m\u00e1s informaci\u00f3n sobre estas opciones, consulte las instrucciones de la secci\u00f3n Ayuda de su navegador. Tenga en cuenta que nuestro sitio web puede no funcionar correctamente si todas las cookies est\u00e1n deshabilitadas. Si borra las cookies de su navegador, se volver\u00e1n a colocar despu\u00e9s de su consentimiento cuando vuelva a visitar nuestros sitios web. 10. Detalles de contacto Para preguntas y\/o comentarios sobre nuestra pol\u00edtica de cookies y esta declaraci\u00f3n, p\u00f3ngase en contacto con nosotros utilizando los siguientes datos de contacto: Denominaci\u00f3n: Ana Beatriz V\u00e1zquez Oquendo.Direcci\u00f3n: Calle Ayala 117 Madrid (28006), Madrid, Espa\u00f1aWebsite: https:\/\/www.annavazquezskincare.comEmail: hello@annavazquezskincare.comN\u00famero de tel\u00e9fono:&nbsp;+34 608 42 85 08 \u00bfCu\u00e1les son sus derechos cuando nos facilita sus datos? Cualquier interesado tiene derecho a obtener confirmaci\u00f3n sobre si en Ana Beatriz V\u00e1zquez Oquendo estamos tratando los datos personales que le conciernan o no. Las personas interesadas tienen derecho a acceder a sus datos personales, as\u00ed como solicitar la rectificaci\u00f3n de datos inexactos o, en su caso, solicitar su supresi\u00f3n cuando, entre otros motivos, los datos ya no sea necesarios para los fines para los que fueron recogidos. En determinadas circunstancias, los interesados podr\u00e1n solicitar la limitaci\u00f3n del tratamiento de sus datos, en cuyo caso \u00fanicamente los conservaremos para el ejercicio o la defensa de reclamaciones.&nbsp; Los<a href=\"https:\/\/annavazquezskincare.com\/academia\/politicas-de-cookies\/\" rel=\"bookmark\"><span class=\"screen-reader-text\">Pol\u00edticas de cookies<\/span><\/a><\/p>\n","protected":false},"author":1,"featured_media":0,"parent":0,"menu_order":0,"comment_status":"closed","ping_status":"closed","template":"","meta":{"neve_meta_sidebar":"","neve_meta_container":"","neve_meta_enable_content_width":"","neve_meta_content_width":0,"neve_meta_title_alignment":"","neve_meta_author_avatar":"","neve_post_elements_order":"","neve_meta_disable_header":"","neve_meta_disable_footer":"","neve_meta_disable_title":"","footnotes":""},"class_list":["post-403","page","type-page","status-publish","hentry"],"_links":{"self":[{"href":"https:\/\/annavazquezskincare.com\/academia\/wp-json\/wp\/v2\/pages\/403","targetHints":{"allow":["GET"]}}],"collection":[{"href":"https:\/\/annavazquezskincare.com\/academia\/wp-json\/wp\/v2\/pages"}],"about":[{"href":"https:\/\/annavazquezskincare.com\/academia\/wp-json\/wp\/v2\/types\/page"}],"author":[{"embeddable":true,"href":"https:\/\/annavazquezskincare.com\/academia\/wp-json\/wp\/v2\/users\/1"}],"replies":[{"embeddable":true,"href":"https:\/\/annavazquezskincare.com\/academia\/wp-json\/wp\/v2\/comments?post=403"}],"version-history":[{"count":1,"href":"https:\/\/annavazquezskincare.com\/academia\/wp-json\/wp\/v2\/pages\/403\/revisions"}],"predecessor-version":[{"id":404,"href":"https:\/\/annavazquezskincare.com\/academia\/wp-json\/wp\/v2\/pages\/403\/revisions\/404"}],"wp:attachment":[{"href":"https:\/\/annavazquezskincare.com\/academia\/wp-json\/wp\/v2\/media?parent=403"}],"curies":[{"name":"wp","href":"https:\/\/api.w.org\/{rel}","templated":true}]}}